{"id":3312,"date":"2015-08-03T15:48:02","date_gmt":"2015-08-03T13:48:02","guid":{"rendered":"http:\/\/www.evenbat.it\/privacy\/"},"modified":"2018-09-05T12:57:15","modified_gmt":"2018-09-05T10:57:15","slug":"privacy-policy","status":"publish","type":"page","link":"https:\/\/www.evenbat.it\/en\/privacy-policy\/","title":{"rendered":"Privacy Policy"},"content":{"rendered":"<p class=\"p1\" style=\"text-align: center;\"><span class=\"s1\"><b>Informativa ai sensi e per gli<\/b><\/span><\/p>\n<p class=\"p2\" style=\"text-align: center;\"><span class=\"s2\"><b>effetti di cui all&#8217;art. 13-14, Reg UE 2016\/679<\/b><\/span><\/p>\n<p class=\"p3\" style=\"text-align: center;\"><span class=\"s1\"><b>(Regolamento Europeo in materia di protezione dei dati personali)<\/b><\/span><\/p>\n<p class=\"p4\"><span class=\"s3\">Gentile Cliente\/Fornitore,<\/span><\/p>\n<p class=\"p5\"><span class=\"s3\"><b>EVENBAT SISTEMI DI ALIMENTAZIONE srl, <\/b>con sede legale in <b>VIA MARMOLADA 10, 20060 TRUCCAZZANO (MI) P.IVA 05137760962 <\/b>(in seguito, &#8220;Titolare&#8221;), in qualit\u00e0 di titolare del trattamento, La informa ai sensi dell&#8217;art. 13 D.Lgs. 30.6 .2003 n. 196 (in seguito, &#8220;Codice Privacy&#8221;) e dell&#8217;art. 13 Regolamento UE n. 2016\/679 (in seguito, &#8220;GDPR&#8221;) che i Suoi dati saranno trattati con le modalit\u00e0 e per le finalit\u00e0 seguenti:<\/span><\/p>\n<p class=\"p6\"><span class=\"s4\">1.- Oggetto del trattamento <\/span><\/p>\n<p class=\"p5\"><span class=\"s2\">Il Titolare tratta i dati personali, identificativi (ad esempio, nome, cognome, ragione sociale, indirizzo, telefono, e-mail, riferimenti bancari e di pagamento &#8211; in seguito, &#8220;dati personali&#8221; o anche &#8220;dati&#8221;) da Lei comunicati in occasione della conclusione di attivit\u00e0 e\/o contratti per i servizi del Titolare.<\/span><\/p>\n<p class=\"p6\"><span class=\"s4\">2.- Finalit\u00e0 del trattamento<\/span><\/p>\n<p class=\"p7\"><span class=\"s2\">I Suoi dati personali sono trattati senza il Suo consenso espresso (art. 24 lett. a), b), c) Codice Privacy e art. 6 lett. b),<\/span><\/p>\n<p class=\"p8\"><span class=\"s5\">e) GDPR), per le seguenti Finalit\u00e0 di Servizio:<\/span><\/p>\n<ol class=\"ol1\">\n<li class=\"li9\"><span class=\"s3\">concludere le attivit\u00e0 e\/o i contratti per i servizi del Titolare;<\/span><\/li>\n<li class=\"li10\"><span class=\"s3\">adempiere agli obblighi precontrattuali, contrattuali e fiscali derivanti da rapporti con Lei in essere;<\/span><\/li>\n<li class=\"li11\"><span class=\"s1\">adempiere agli obblighi previsti dalla legge, da un regolamento, dalla normativa comunitaria o da un ordine dell&#8217;Autorit\u00e0;<\/span><\/li>\n<li class=\"li5\"><span class=\"s5\">esercitare i diritti del Titolare, ad esempio il diritto di difesa in giudizio.<\/span><\/li>\n<\/ol>\n<p class=\"p12\"><span class=\"s4\">3.- Modalit\u00e0 di trattamento <\/span><\/p>\n<p class=\"p13\"><span class=\"s2\">Il trattamento dei Suoi dati personali \u00e8 realizzato per mezzo delle operazioni indicate all&#8217;art. 4 Codice Privacy e all&#8217;art. 4 del GDPR e precisamente: raccolta, registrazione, organizzazione, conservazione, consultazione, elaborazione, modificazione, selezione, estrazione, raffronto, utilizzo, interconnessione, blocco, comunicazione, cancellazione e distruzione dei dati. I Suoi dati personali sono sottoposti a trattamento sia cartaceo che elettronico e\/o automatizzato. Il Titolare tratter\u00e0 i dati personali per il tempo necessario per adempiere alle finalit\u00e0 di cui sopra e comunque per non oltre 10 anni dalla cessazione del rapporto per le Finalit\u00e0 di Servizio.<\/span><\/p>\n<p class=\"p12\"><span class=\"s6\">4.- Accesso ai dati <\/span><\/p>\n<p class=\"p7\"><span class=\"s3\">I Suoi dati potranno essere resi accessibili per le finalit\u00e0 di cui all&#8217;art. 2:<\/span><\/p>\n<ol class=\"ol1\">\n<li class=\"li14\"><span class=\"s1\">ai dipendenti e collaboratori del Titolare, nella loro qualit\u00e0 di incaricati e\/o responsabili interni del trattamento e\/o amministratori di sistema;<\/span><\/li>\n<li class=\"li15\"><span class=\"s3\">a societ\u00e0 terze o altri soggetti (a titolo indicativo, istituti di credito, studi professionali, consulenti, societ\u00e0 di assicurazione per la prestazione di servizi assicurativi, etc.) che svolgono attivit\u00e0 in outsourcing per conto del Titolare, nella loro qualit\u00e0 di responsabili esterni del trattamento.<\/span><\/li>\n<\/ol>\n<p class=\"p16\"><span class=\"s6\">5.- Comunicazione dei dati<\/span><\/p>\n<p class=\"p13\"><span class=\"s3\">Senza la necessit\u00e0 di un espresso consenso (ex art. 24 lett. a), b), d) Codice Privacy e art. 6 lett. b) e c) GDPR), il Titolare potr\u00e0 comunicare i Suoi dati per le finalit\u00e0 di cui all&#8217;art. 2 a Organismi di Vigilanza e Autorit\u00e0 Giudiziarie, a societ\u00e0 di assicurazione per la prestazione di servizi assicurativi, nonch\u00e9 a quei soggetti ai quali la comunicazione sia obbligatoria per legge per l&#8217;espletamento delle finalit\u00e0 dette. Detti soggetti tratteranno i dati nella loro qualit\u00e0 di autonomi titolari del trattamento. I Suoi dati non saranno diffusi.<\/span><\/p>\n<p class=\"p12\"><span class=\"s6\">6.- Sicurezza <\/span><\/p>\n<p class=\"p5\"><span class=\"s1\">I dati vengono custoditi e controllati mediante adozione di idonee misure preventive di sicurezza, volte a ridurre al minimo i rischi di perdita e distruzione, di accesso non autorizzato, di trattamento non consentito e difforme dalle finalit\u00e0 per cui il trattamento viene effettuato.<\/span><\/p>\n<p class=\"p17\"><span class=\"s4\">7.- Trasferimento dati <\/span><\/p>\n<p class=\"p18\"><span class=\"s3\">La gestione e la conservazione dei dati personali avviene nel territorio dell&#8217;Unione Europea.<\/span><\/p>\n<p class=\"p19\"><span class=\"s4\">8.- Diritti dell&#8217;interessato <\/span><\/p>\n<p class=\"p7\"><span class=\"s5\">Nella Sua qualit\u00e0 di interessato, ha il diritto di cui all&#8217;art. 15 GDPR e precisamente i diritti di:<\/span><\/p>\n<ol class=\"ol1\">\n<li class=\"li20\"><span class=\"s1\">ottenere la conferma dell&#8217;esistenza o meno di dati personali che La riguardano, anche se non ancora registrati, e la loro comunicazione in forma intelligibile;<\/span><\/li>\n<li class=\"li7\"><span class=\"s2\">ottenere l&#8217;indicazione: a) dell&#8217;origine dei dati personali; b) delle finalit\u00e0 e modalit\u00e0 del trattamento; c) della logica applicata in caso di trattamento effettuato con l&#8217;ausilio di strumenti elettronici; d) degli estremi identificativi del titolare, dei responsabili e del rappresentante designato ai sensi dell&#8217;art. 5, comma 2 Codice Privacy e art. 3, comma 1, GDPR; e) dei soggetti o delle categorie di soggetti ai quali i dati personali possono essere comunicati o che possono<\/span><\/li>\n<\/ol>\n<p class=\"p21\"><span class=\"s3\">venirne a conoscenza in qualit\u00e0 di rappresentante designato nel territorio dello Stato, di responsabili o incaricati;<\/span><\/p>\n<ol class=\"ol1\">\n<li class=\"li20\"><span class=\"s2\">ottenere: a) l&#8217;aggiornamento, la rettifica ovvero l&#8217;integrazione dei dati; b) la cancellazione, la trasformazione in forma anonima o il blocco dei dati trattati in violazione di legge, compresi quelli di cui non \u00e8 necessaria la conservazione in relazione agli scopi per i quali i dati sono stati raccolti o successivamente trattati; c) l&#8217;attestazione che le operazioni di cui alle lettere a) e b) sono state portate a conoscenza, anche per quanto riguarda il loro contenuto, di coloro ai quali i dati sono stati comunicati o diffusi, eccettuato il caso in cui tale adempimento si rivela impossibile o comporta un impiego di mezzi manifestamente sproporzionato rispetto al diritto tutelato;<\/span><\/li>\n<\/ol>\n<ol class=\"ol1\">\n<li class=\"li22\"><span class=\"s1\">opporsi, in tutto o in parte per motivi legittimi al trattamento dei dati personali che La riguardano, ancorch\u00e9 pertinenti allo scopo della raccolta.<\/span><\/li>\n<\/ol>\n<p class=\"p23\"><span class=\"s1\">Ove applicabili, Lei ha altres\u00ec i diritti di cui agli artt. 16-21 GDPR (Diritto di rettifica, diritto all&#8217;oblio, diritto di limitazione di trattamento, diritto alla portabilit\u00e0 dei dati, diritto di opposizione), nonch\u00e9 il diritto di reclamo all&#8217;Autorit\u00e0 Garante.<\/span><\/p>\n<p class=\"p24\"><span class=\"s4\">9.- Modalit\u00e0 di esercizio dei diritti<\/span><\/p>\n<p class=\"p25\"><span class=\"s1\">Potr\u00e0 in qualsiasi momento esercitare i diritti inviando una comunicazione: via e-mail, all&#8217;indirizzo: <a href=\"mailto:EVENBAT-SISTEMI@PEC.IT\"><span class=\"s8\"><b>EVENBAT-SISTEMI@PEC.IT<\/b><\/span><\/a><b> <\/b>oppure via posta A.R., a: <b>EVENBAT SISTEMI DI ALIMENTAZIONE <\/b>srl via <b>MARMOLADA 10, 20060 TRUCCAZZANO (MI)<\/b><\/span><\/p>\n<p class=\"p26\"><span class=\"s6\">10. Titolare, responsabile e incaricati <\/span><\/p>\n<p class=\"p27\"><span class=\"s5\">Il Titolare del trattamento \u00e8 Evenbat Sistemi di Alimentazione Srl, nella persona del Legale Rappresentante Rag.<\/span><\/p>\n<p class=\"p28\"><span class=\"s1\">Dario Zanobbio domiciliato per l&#8217;attivit\u00e0 in via <b>MARMOLADA 10, 20060 TRUCCAZZANO (MI)<\/b><\/span><\/p>\n<p class=\"p29\"><span class=\"s5\">Cordiali Saluti<\/span><\/p>\n<p class=\"p29\"><span class=\"s5\">Evenbat Sistemi di Alimentazione srl<\/span><\/p>\n","protected":false},"excerpt":{"rendered":"<p>Informativa ai sensi e per gli effetti di cui all&#8217;art. 13-14, Reg UE 2016\/679 (Regolamento Europeo in materia di protezione dei dati personali) Gentile Cliente\/Fornitore, EVENBAT SISTEMI DI ALIMENTAZIONE srl, con sede legale in VIA MARMOLADA 10, 20060 TRUCCAZZANO (MI) P.IVA 05137760962 (in seguito, &#8220;Titolare&#8221;), in qualit\u00e0 di titolare del trattamento, La informa ai sensi&#8230; <a href=\"https:\/\/www.evenbat.it\/en\/privacy-policy\/\" class=\"excerpt-read-more\">Read More<\/a><\/p>\n","protected":false},"author":4,"featured_media":0,"parent":0,"menu_order":0,"comment_status":"closed","ping_status":"open","template":"","meta":{"footnotes":""},"yoast_head":"<!-- This site is optimized with the Yoast SEO plugin v23.5 - https:\/\/yoast.com\/wordpress\/plugins\/seo\/ -->\n<title>Privacy Policy - Evenbat<\/title>\n<meta name=\"robots\" content=\"index, follow, max-snippet:-1, max-image-preview:large, max-video-preview:-1\" \/>\n<link rel=\"canonical\" href=\"https:\/\/www.evenbat.it\/privacy-policy\/\" \/>\n<meta property=\"og:locale\" content=\"en_US\" \/>\n<meta property=\"og:type\" content=\"article\" \/>\n<meta property=\"og:title\" content=\"Privacy Policy - Evenbat\" \/>\n<meta property=\"og:description\" content=\"Informativa ai sensi e per gli effetti di cui all&#8217;art. 13-14, Reg UE 2016\/679 (Regolamento Europeo in materia di protezione dei dati personali) Gentile Cliente\/Fornitore, EVENBAT SISTEMI DI ALIMENTAZIONE srl, con sede legale in VIA MARMOLADA 10, 20060 TRUCCAZZANO (MI) P.IVA 05137760962 (in seguito, &#8220;Titolare&#8221;), in qualit\u00e0 di titolare del trattamento, La informa ai sensi... Read More\" \/>\n<meta property=\"og:url\" content=\"https:\/\/www.evenbat.it\/privacy-policy\/\" \/>\n<meta property=\"og:site_name\" content=\"Evenbat\" \/>\n<meta property=\"article:modified_time\" content=\"2018-09-05T10:57:15+00:00\" \/>\n<meta name=\"twitter:label1\" content=\"Est. reading time\" \/>\n\t<meta name=\"twitter:data1\" content=\"5 minutes\" \/>\n<script type=\"application\/ld+json\" class=\"yoast-schema-graph\">{\"@context\":\"https:\/\/schema.org\",\"@graph\":[{\"@type\":\"WebPage\",\"@id\":\"https:\/\/www.evenbat.it\/privacy-policy\/\",\"url\":\"https:\/\/www.evenbat.it\/privacy-policy\/\",\"name\":\"Privacy Policy - Evenbat\",\"isPartOf\":{\"@id\":\"https:\/\/www.evenbat.it\/#website\"},\"datePublished\":\"2015-08-03T13:48:02+00:00\",\"dateModified\":\"2018-09-05T10:57:15+00:00\",\"breadcrumb\":{\"@id\":\"https:\/\/www.evenbat.it\/privacy-policy\/#breadcrumb\"},\"inLanguage\":\"en-US\",\"potentialAction\":[{\"@type\":\"ReadAction\",\"target\":[\"https:\/\/www.evenbat.it\/privacy-policy\/\"]}]},{\"@type\":\"BreadcrumbList\",\"@id\":\"https:\/\/www.evenbat.it\/privacy-policy\/#breadcrumb\",\"itemListElement\":[{\"@type\":\"ListItem\",\"position\":1,\"name\":\"Home\",\"item\":\"https:\/\/www.evenbat.it\/\"},{\"@type\":\"ListItem\",\"position\":2,\"name\":\"Privacy Policy\"}]},{\"@type\":\"WebSite\",\"@id\":\"https:\/\/www.evenbat.it\/#website\",\"url\":\"https:\/\/www.evenbat.it\/\",\"name\":\"Evenbat\",\"description\":\"\",\"potentialAction\":[{\"@type\":\"SearchAction\",\"target\":{\"@type\":\"EntryPoint\",\"urlTemplate\":\"https:\/\/www.evenbat.it\/?s={search_term_string}\"},\"query-input\":{\"@type\":\"PropertyValueSpecification\",\"valueRequired\":true,\"valueName\":\"search_term_string\"}}],\"inLanguage\":\"en-US\"}]}<\/script>\n<!-- \/ Yoast SEO plugin. -->","yoast_head_json":{"title":"Privacy Policy - Evenbat","robots":{"index":"index","follow":"follow","max-snippet":"max-snippet:-1","max-image-preview":"max-image-preview:large","max-video-preview":"max-video-preview:-1"},"canonical":"https:\/\/www.evenbat.it\/privacy-policy\/","og_locale":"en_US","og_type":"article","og_title":"Privacy Policy - Evenbat","og_description":"Informativa ai sensi e per gli effetti di cui all&#8217;art. 13-14, Reg UE 2016\/679 (Regolamento Europeo in materia di protezione dei dati personali) Gentile Cliente\/Fornitore, EVENBAT SISTEMI DI ALIMENTAZIONE srl, con sede legale in VIA MARMOLADA 10, 20060 TRUCCAZZANO (MI) P.IVA 05137760962 (in seguito, &#8220;Titolare&#8221;), in qualit\u00e0 di titolare del trattamento, La informa ai sensi... Read More","og_url":"https:\/\/www.evenbat.it\/privacy-policy\/","og_site_name":"Evenbat","article_modified_time":"2018-09-05T10:57:15+00:00","twitter_misc":{"Est. reading time":"5 minutes"},"schema":{"@context":"https:\/\/schema.org","@graph":[{"@type":"WebPage","@id":"https:\/\/www.evenbat.it\/privacy-policy\/","url":"https:\/\/www.evenbat.it\/privacy-policy\/","name":"Privacy Policy - Evenbat","isPartOf":{"@id":"https:\/\/www.evenbat.it\/#website"},"datePublished":"2015-08-03T13:48:02+00:00","dateModified":"2018-09-05T10:57:15+00:00","breadcrumb":{"@id":"https:\/\/www.evenbat.it\/privacy-policy\/#breadcrumb"},"inLanguage":"en-US","potentialAction":[{"@type":"ReadAction","target":["https:\/\/www.evenbat.it\/privacy-policy\/"]}]},{"@type":"BreadcrumbList","@id":"https:\/\/www.evenbat.it\/privacy-policy\/#breadcrumb","itemListElement":[{"@type":"ListItem","position":1,"name":"Home","item":"https:\/\/www.evenbat.it\/"},{"@type":"ListItem","position":2,"name":"Privacy Policy"}]},{"@type":"WebSite","@id":"https:\/\/www.evenbat.it\/#website","url":"https:\/\/www.evenbat.it\/","name":"Evenbat","description":"","potentialAction":[{"@type":"SearchAction","target":{"@type":"EntryPoint","urlTemplate":"https:\/\/www.evenbat.it\/?s={search_term_string}"},"query-input":{"@type":"PropertyValueSpecification","valueRequired":true,"valueName":"search_term_string"}}],"inLanguage":"en-US"}]}},"_links":{"self":[{"href":"https:\/\/www.evenbat.it\/en\/wp-json\/wp\/v2\/pages\/3312"}],"collection":[{"href":"https:\/\/www.evenbat.it\/en\/wp-json\/wp\/v2\/pages"}],"about":[{"href":"https:\/\/www.evenbat.it\/en\/wp-json\/wp\/v2\/types\/page"}],"author":[{"embeddable":true,"href":"https:\/\/www.evenbat.it\/en\/wp-json\/wp\/v2\/users\/4"}],"replies":[{"embeddable":true,"href":"https:\/\/www.evenbat.it\/en\/wp-json\/wp\/v2\/comments?post=3312"}],"version-history":[{"count":3,"href":"https:\/\/www.evenbat.it\/en\/wp-json\/wp\/v2\/pages\/3312\/revisions"}],"predecessor-version":[{"id":3360,"href":"https:\/\/www.evenbat.it\/en\/wp-json\/wp\/v2\/pages\/3312\/revisions\/3360"}],"wp:attachment":[{"href":"https:\/\/www.evenbat.it\/en\/wp-json\/wp\/v2\/media?parent=3312"}],"curies":[{"name":"wp","href":"https:\/\/api.w.org\/{rel}","templated":true}]}}